{"id":107,"date":"2020-12-01T17:51:30","date_gmt":"2020-12-01T16:51:30","guid":{"rendered":"https:\/\/etchegoyen-volailles.com\/?page_id=107"},"modified":"2022-12-21T18:19:06","modified_gmt":"2022-12-21T17:19:06","slug":"notre-actualite","status":"publish","type":"page","link":"https:\/\/etchegoyen-volailles.com\/index.php\/notre-actualite\/","title":{"rendered":"Notre Actualit\u00e9"},"content":{"rendered":"\n<div class=\"wp-block-image\"><figure class=\"alignright size-medium\"><img loading=\"lazy\" width=\"300\" height=\"173\" src=\"https:\/\/etchegoyen-volailles.com\/wp-content\/uploads\/2022\/12\/christmas-transparent-png-gifts-decoration-300x173.png\" alt=\"\" class=\"wp-image-175\" srcset=\"https:\/\/etchegoyen-volailles.com\/wp-content\/uploads\/2022\/12\/christmas-transparent-png-gifts-decoration-300x173.png 300w, https:\/\/etchegoyen-volailles.com\/wp-content\/uploads\/2022\/12\/christmas-transparent-png-gifts-decoration-768x444.png 768w, https:\/\/etchegoyen-volailles.com\/wp-content\/uploads\/2022\/12\/christmas-transparent-png-gifts-decoration.png 900w\" sizes=\"(max-width: 300px) 100vw, 300px\" \/><\/figure><\/div>\n\n\n\n<p class=\"has-luminous-vivid-amber-background-color has-background has-huge-font-size\"><em><strong>Sp\u00e9cial<\/strong> <strong>NOEL<\/strong><\/em> <strong>2022<\/strong><\/p>\n\n\n\n<div class=\"wp-block-image is-style-rounded\"><figure class=\"aligncenter size-full\"><img loading=\"lazy\" width=\"640\" height=\"373\" src=\"https:\/\/etchegoyen-volailles.com\/wp-content\/uploads\/2020\/12\/dinde.jpg\" alt=\"\" class=\"wp-image-105\" srcset=\"https:\/\/etchegoyen-volailles.com\/wp-content\/uploads\/2020\/12\/dinde.jpg 640w, https:\/\/etchegoyen-volailles.com\/wp-content\/uploads\/2020\/12\/dinde-300x175.jpg 300w\" sizes=\"(max-width: 640px) 100vw, 640px\" \/><\/figure><\/div>\n\n\n\n<div class=\"wp-block-image\"><figure class=\"alignright size-medium\"><img loading=\"lazy\" width=\"300\" height=\"167\" src=\"https:\/\/etchegoyen-volailles.com\/wp-content\/uploads\/2022\/12\/png-hristmas-ball-golden-christmas-balls-e1670844045437-300x167.png\" alt=\"\" class=\"wp-image-180\" srcset=\"https:\/\/etchegoyen-volailles.com\/wp-content\/uploads\/2022\/12\/png-hristmas-ball-golden-christmas-balls-e1670844045437-300x167.png 300w, https:\/\/etchegoyen-volailles.com\/wp-content\/uploads\/2022\/12\/png-hristmas-ball-golden-christmas-balls-e1670844045437-768x427.png 768w, https:\/\/etchegoyen-volailles.com\/wp-content\/uploads\/2022\/12\/png-hristmas-ball-golden-christmas-balls-e1670844045437.png 900w\" sizes=\"(max-width: 300px) 100vw, 300px\" \/><\/figure><\/div>\n\n\n\n<p class=\"has-luminous-vivid-amber-background-color has-background has-medium-font-size\"><strong>DINDE Fermi\u00e8re<\/strong><br>45,00 euros pi\u00e8ce (3kg300)<br>&#8212;&#8212;&#8212;&#8212;&#8211;<br><strong>CHAPON Fermier<\/strong><br>39,00 euros pi\u00e8ce (3kg300)<br><br>Origine Sud-Ouest, \u00e9lev\u00e9 en plein air. <\/p>\n\n\n\n<p><\/p>\n","protected":false},"excerpt":{"rendered":"<p>Sp\u00e9cial NOEL 2022 DINDE Fermi\u00e8re45,00 euros pi\u00e8ce (3kg300)&#8212;&#8212;&#8212;&#8212;&#8211;CHAPON Fermier39,00 euros pi\u00e8ce (3kg300) Origine Sud-Ouest, \u00e9lev\u00e9 en plein air.<\/p>\n","protected":false},"author":1,"featured_media":0,"parent":0,"menu_order":0,"comment_status":"closed","ping_status":"closed","template":"","meta":[],"_links":{"self":[{"href":"https:\/\/etchegoyen-volailles.com\/index.php\/wp-json\/wp\/v2\/pages\/107"}],"collection":[{"href":"https:\/\/etchegoyen-volailles.com\/index.php\/wp-json\/wp\/v2\/pages"}],"about":[{"href":"https:\/\/etchegoyen-volailles.com\/index.php\/wp-json\/wp\/v2\/types\/page"}],"author":[{"embeddable":true,"href":"https:\/\/etchegoyen-volailles.com\/index.php\/wp-json\/wp\/v2\/users\/1"}],"replies":[{"embeddable":true,"href":"https:\/\/etchegoyen-volailles.com\/index.php\/wp-json\/wp\/v2\/comments?post=107"}],"version-history":[{"count":33,"href":"https:\/\/etchegoyen-volailles.com\/index.php\/wp-json\/wp\/v2\/pages\/107\/revisions"}],"predecessor-version":[{"id":191,"href":"https:\/\/etchegoyen-volailles.com\/index.php\/wp-json\/wp\/v2\/pages\/107\/revisions\/191"}],"wp:attachment":[{"href":"https:\/\/etchegoyen-volailles.com\/index.php\/wp-json\/wp\/v2\/media?parent=107"}],"curies":[{"name":"wp","href":"https:\/\/api.w.org\/{rel}","templated":true}]}}