{"id":17,"date":"2020-10-27T11:09:05","date_gmt":"2020-10-27T10:09:05","guid":{"rendered":"https:\/\/etchegoyen-volailles.com\/?page_id=17"},"modified":"2020-12-01T18:58:58","modified_gmt":"2020-12-01T17:58:58","slug":"notre-metier","status":"publish","type":"page","link":"https:\/\/etchegoyen-volailles.com\/index.php\/notre-metier\/","title":{"rendered":"Notre m\u00e9tier, n\u00e9goce de volailles au Pays Basque."},"content":{"rendered":"\n<div class=\"wp-block-image\"><figure class=\"alignleft size-large is-resized\"><img loading=\"lazy\" src=\"https:\/\/etchegoyen-volailles.com\/wp-content\/uploads\/2020\/12\/croix-basque.jpg\" alt=\"\" class=\"wp-image-124\" width=\"64\" height=\"61\" srcset=\"https:\/\/etchegoyen-volailles.com\/wp-content\/uploads\/2020\/12\/croix-basque.jpg 511w, https:\/\/etchegoyen-volailles.com\/wp-content\/uploads\/2020\/12\/croix-basque-300x286.jpg 300w\" sizes=\"(max-width: 64px) 100vw, 64px\" \/><\/figure><\/div>\n\n\n\n<div class=\"wp-block-image is-style-default\"><figure class=\"alignright size-large is-resized\"><img loading=\"lazy\" src=\"https:\/\/etchegoyen-volailles.com\/wp-content\/uploads\/2020\/10\/DSC00947.jpg\" alt=\"\" class=\"wp-image-19\" width=\"397\" height=\"299\" srcset=\"https:\/\/etchegoyen-volailles.com\/wp-content\/uploads\/2020\/10\/DSC00947.jpg 640w, https:\/\/etchegoyen-volailles.com\/wp-content\/uploads\/2020\/10\/DSC00947-300x225.jpg 300w\" sizes=\"(max-width: 397px) 100vw, 397px\" \/><figcaption>L&rsquo;entreprise Etchegoyen Volailles<\/figcaption><\/figure><\/div>\n\n\n\n<p>Depuis plus d&rsquo;un si\u00e8cle, notre <strong>n\u00e9goce de volailles<\/strong> a bien s\u00fbr,\u00a0 beaucoup \u00e9volu\u00e9, <\/p>\n\n\n\n<p>mais son r\u00f4le dans la fili\u00e8re avicole est demeur\u00e9 le m\u00eame:\u00a0 \u00eatre l&rsquo;interm\u00e9diaire indispensable entre les abattoirs\u00a0 et l<strong>es sp\u00e9cialistes des m\u00e9tiers de bouche<\/strong>, en assurant aux premiers la commercialisation de leur production, et en offrant aux seconds une s\u00e9lection rigoureuse des meilleures volailles fran\u00e7aises.<\/p>\n\n\n\n<p>Notre tr\u00e8s longue exp\u00e9rience et notre implantation g\u00e9ographique en plein <strong>Pays basque <\/strong>nous permettent de n\u00e9gocier avec nos partenaires producteurs, les meilleures conditions possibles de collaboration, en prenant en charge la partie commerciale de leur activit\u00e9, puisque nous repr\u00e9sentons pour eux, un march\u00e9 \u00e9quivalent \u00e0 plus de 300 clients, r\u00e9unis en une seule commande, une seule facturation, une seule livraison et un seul r\u00e8glement.Notre r\u00e9putation, et la tranquillit\u00e9 financi\u00e8re avec laquelle ils peuvent travailler avec nous, facilitent grandement nos relations, et expliquent les sollicitations que nous recevons de la part de nombreux producteurs, d\u00e9sirant b\u00e9n\u00e9ficier de notre r\u00e9seau de client\u00e8le.<\/p>\n\n\n\n<p>Pour nos clients, qu&rsquo;ils soient&nbsp; <strong>restaurateurs,&nbsp; bouchers,&nbsp; charcutiers,&nbsp; traiteurs, cuisiniers de collectivit\u00e9s ou&nbsp; p\u00e2tissiers, notre m\u00e9tier se d\u00e9fini comme celui de sp\u00e9cialiste<\/strong> capable de leur proposer la gamme la plus large possible de produits de qualit\u00e9 dans le domaine des volailles, des confits, des charcuteries, des conserves et des oeufs. Nous assurons pour eux un important travail de s\u00e9lection et d&rsquo;approvisionnement, qu&rsquo;ils nous confient d&rsquo;autant plus facilement, que notre connaissance du m\u00e9tier nous permet d&rsquo;\u00eatre au plus pr\u00e8s de leurs besoins et de leurs envies.<\/p>\n\n\n\n<div class=\"wp-block-image\"><figure class=\"alignright size-large is-resized\"><img loading=\"lazy\" src=\"https:\/\/etchegoyen-volailles.com\/wp-content\/uploads\/2020\/12\/croix-basque.jpg\" alt=\"\" class=\"wp-image-124\" width=\"64\" height=\"61\" srcset=\"https:\/\/etchegoyen-volailles.com\/wp-content\/uploads\/2020\/12\/croix-basque.jpg 511w, https:\/\/etchegoyen-volailles.com\/wp-content\/uploads\/2020\/12\/croix-basque-300x286.jpg 300w\" sizes=\"(max-width: 64px) 100vw, 64px\" \/><\/figure><\/div>\n\n\n\n<p>Pour nos fournisseurs, nous repr\u00e9sentons un tr\u00e8s grand nombre de clients, de m\u00eame que pour nos clients, nous sommes un partenaire leur proposant une grande vari\u00e9t\u00e9 de fournisseurs.<\/p>\n","protected":false},"excerpt":{"rendered":"<p>Depuis plus d&rsquo;un si\u00e8cle, notre n\u00e9goce de volailles a bien s\u00fbr,\u00a0 beaucoup \u00e9volu\u00e9, mais son r\u00f4le dans la fili\u00e8re avicole est demeur\u00e9 le m\u00eame:\u00a0 \u00eatre l&rsquo;interm\u00e9diaire indispensable entre les abattoirs\u00a0 et les sp\u00e9cialistes des m\u00e9tiers de bouche, en assurant aux premiers la commercialisation de leur production, et en offrant aux seconds une s\u00e9lection rigoureuse des [&hellip;]<\/p>\n","protected":false},"author":1,"featured_media":0,"parent":0,"menu_order":0,"comment_status":"closed","ping_status":"closed","template":"","meta":[],"_links":{"self":[{"href":"https:\/\/etchegoyen-volailles.com\/index.php\/wp-json\/wp\/v2\/pages\/17"}],"collection":[{"href":"https:\/\/etchegoyen-volailles.com\/index.php\/wp-json\/wp\/v2\/pages"}],"about":[{"href":"https:\/\/etchegoyen-volailles.com\/index.php\/wp-json\/wp\/v2\/types\/page"}],"author":[{"embeddable":true,"href":"https:\/\/etchegoyen-volailles.com\/index.php\/wp-json\/wp\/v2\/users\/1"}],"replies":[{"embeddable":true,"href":"https:\/\/etchegoyen-volailles.com\/index.php\/wp-json\/wp\/v2\/comments?post=17"}],"version-history":[{"count":6,"href":"https:\/\/etchegoyen-volailles.com\/index.php\/wp-json\/wp\/v2\/pages\/17\/revisions"}],"predecessor-version":[{"id":127,"href":"https:\/\/etchegoyen-volailles.com\/index.php\/wp-json\/wp\/v2\/pages\/17\/revisions\/127"}],"wp:attachment":[{"href":"https:\/\/etchegoyen-volailles.com\/index.php\/wp-json\/wp\/v2\/media?parent=17"}],"curies":[{"name":"wp","href":"https:\/\/api.w.org\/{rel}","templated":true}]}}